{"id":13331,"date":"2015-12-08T18:22:51","date_gmt":"2015-12-08T16:22:51","guid":{"rendered":"http:\/\/cdplus.ee\/et\/?page_id=13331"},"modified":"2015-12-08T18:22:51","modified_gmt":"2015-12-08T16:22:51","slug":"tagasiside-tellimus-ostmine","status":"publish","type":"page","link":"https:\/\/cdplus.ee\/et\/tagasiside-tellimus-ostmine\/","title":{"rendered":"Tagasiside (tellimus, ostmine)"},"content":{"rendered":"<div class=\"wpb-content-wrapper\"><p>[vc_row][vc_column][vc_column_text]Siin saate k\u00fcsida v\u00f5i teha tellimus. Kui olete huvitatud m\u00e4ngud puudub meie sortimendi, saate tellida telefoni teel v\u00f5i kirjutada huvitav k\u00fcsimus allj\u00e4rgnev vorm.<\/p>\n<hr \/>\n<p>Samuti ostame kasutatud m\u00e4nge konsoolid ja lohutada end (X-box ONE, 360, Playstation\u00ae1,2,3,4 jt.). Hinnad s\u00f5ltuvad seisundist ja vanusest m\u00e4ngu, saate arutada telefoni v\u00f5i saata s\u00f5num siin:<\/p>\n<h5>tel: +372 \u00a0516 \u00a05724<\/h5>\n<p>[\/vc_column_text]\n<div class=\"wpcf7 no-js\" id=\"wpcf7-f14617-o1\" lang=\"et\" dir=\"ltr\">\n<div class=\"screen-reader-response\"><p role=\"status\" aria-live=\"polite\" aria-atomic=\"true\"><\/p> <ul><\/ul><\/div>\n<form action=\"\/et\/wp-json\/wp\/v2\/pages\/13331#wpcf7-f14617-o1\" method=\"post\" class=\"wpcf7-form init\" aria-label=\"Contact form\" novalidate=\"novalidate\" data-status=\"init\">\n<div style=\"display: none;\">\n<input type=\"hidden\" name=\"_wpcf7\" value=\"14617\" \/>\n<input type=\"hidden\" name=\"_wpcf7_version\" value=\"5.9.8\" \/>\n<input type=\"hidden\" name=\"_wpcf7_locale\" value=\"et\" \/>\n<input type=\"hidden\" name=\"_wpcf7_unit_tag\" value=\"wpcf7-f14617-o1\" \/>\n<input type=\"hidden\" name=\"_wpcf7_container_post\" value=\"0\" \/>\n<input type=\"hidden\" name=\"_wpcf7_posted_data_hash\" value=\"\" \/>\n<input type=\"hidden\" name=\"_wpcf7_recaptcha_response\" value=\"\" \/>\n<\/div>\n<p>Nimi (n\u00f5utav)\n<\/p>\n<p><span class=\"wpcf7-form-control-wrap\" data-name=\"your-name\"><input size=\"40\" maxlength=\"400\" class=\"wpcf7-form-control wpcf7-text wpcf7-validates-as-required\" aria-required=\"true\" aria-invalid=\"false\" value=\"\" type=\"text\" name=\"your-name\" \/><\/span>\n<\/p>\n<p>Email (n\u00f5utav)\n<\/p>\n<p><span class=\"wpcf7-form-control-wrap\" data-name=\"your-email\"><input size=\"40\" maxlength=\"400\" class=\"wpcf7-form-control wpcf7-email wpcf7-validates-as-required wpcf7-text wpcf7-validates-as-email\" aria-required=\"true\" aria-invalid=\"false\" value=\"\" type=\"email\" name=\"your-email\" \/><\/span>\n<\/p>\n<p>Teema\n<\/p>\n<p><span class=\"wpcf7-form-control-wrap\" data-name=\"your-subject\"><input size=\"40\" maxlength=\"400\" class=\"wpcf7-form-control wpcf7-text\" aria-invalid=\"false\" value=\"\" type=\"text\" name=\"your-subject\" \/><\/span>\n<\/p>\n<p>Teade\n<\/p>\n<p><span class=\"wpcf7-form-control-wrap\" data-name=\"your-message\"><textarea cols=\"40\" rows=\"10\" maxlength=\"2000\" class=\"wpcf7-form-control wpcf7-textarea\" aria-invalid=\"false\" name=\"your-message\"><\/textarea><\/span>\n<\/p>\n<p>\n\n<\/p>\n<p><input class=\"wpcf7-form-control wpcf7-submit has-spinner\" type=\"submit\" value=\"Saada\" \/>\n<\/p><div class=\"wpcf7-response-output\" aria-hidden=\"true\"><\/div>\n<\/form>\n<\/div>\n[\/vc_column][\/vc_row]<\/p>\n<\/div>","protected":false},"excerpt":{"rendered":"<p>[vc_row][vc_column][vc_column_text]Siin saate k\u00fcsida v\u00f5i teha tellimus. Kui olete huvitatud m\u00e4ngud puudub meie sortimendi, saate tellida telefoni teel v\u00f5i kirjutada huvitav<\/p>\n","protected":false},"author":1,"featured_media":0,"parent":0,"menu_order":0,"comment_status":"closed","ping_status":"closed","template":"","meta":{"_acf_changed":false,"footnotes":""},"class_list":["post-13331","page","type-page","status-publish","hentry"],"acf":[],"_links":{"self":[{"href":"https:\/\/cdplus.ee\/et\/wp-json\/wp\/v2\/pages\/13331"}],"collection":[{"href":"https:\/\/cdplus.ee\/et\/wp-json\/wp\/v2\/pages"}],"about":[{"href":"https:\/\/cdplus.ee\/et\/wp-json\/wp\/v2\/types\/page"}],"author":[{"embeddable":true,"href":"https:\/\/cdplus.ee\/et\/wp-json\/wp\/v2\/users\/1"}],"replies":[{"embeddable":true,"href":"https:\/\/cdplus.ee\/et\/wp-json\/wp\/v2\/comments?post=13331"}],"version-history":[{"count":1,"href":"https:\/\/cdplus.ee\/et\/wp-json\/wp\/v2\/pages\/13331\/revisions"}],"predecessor-version":[{"id":14618,"href":"https:\/\/cdplus.ee\/et\/wp-json\/wp\/v2\/pages\/13331\/revisions\/14618"}],"wp:attachment":[{"href":"https:\/\/cdplus.ee\/et\/wp-json\/wp\/v2\/media?parent=13331"}],"curies":[{"name":"wp","href":"https:\/\/api.w.org\/{rel}","templated":true}]}}