{"id":49680,"date":"2024-09-23T13:01:38","date_gmt":"2024-09-23T10:01:38","guid":{"rendered":"https:\/\/cdplus.ee\/product\/sony-playstation-4-ps4-pro\/"},"modified":"2025-09-19T16:23:05","modified_gmt":"2025-09-19T13:23:05","slug":"sony-playstation-4-ps4-pro","status":"publish","type":"product","link":"https:\/\/cdplus.ee\/et\/product\/sony-playstation-4-ps4-pro\/","title":{"rendered":"Sony PlayStation 4 (PS4) Pro"},"content":{"rendered":"<p>Komplekt sisaldab \u00fchte juhtkangi ja k\u00f5iki \u00fchendamiseks vajalikke juhtmeid. Konsool on kasutatud. T\u00e4iesti t\u00f6\u00f6korras ja testitud<\/p>\n","protected":false},"excerpt":{"rendered":"<p>Komplekt sisaldab \u00fchte juhtkangi ja k\u00f5iki \u00fchendamiseks vajalikke juhtmeid. Konsool on kasutatud. T\u00e4iesti t\u00f6\u00f6korras ja testitud<\/p>\n","protected":false},"featured_media":49677,"template":"","meta":{"_acf_changed":false},"product_cat":[433,437],"product_tag":[],"class_list":{"0":"post-49680","1":"product","2":"type-product","3":"status-publish","4":"has-post-thumbnail","6":"product_cat-sonypsp-et","7":"product_cat-konsoolide-aksessuarid","9":"first","10":"instock","11":"shipping-taxable","12":"purchasable","13":"product-type-simple"},"acf":[],"_links":{"self":[{"href":"https:\/\/cdplus.ee\/et\/wp-json\/wp\/v2\/product\/49680"}],"collection":[{"href":"https:\/\/cdplus.ee\/et\/wp-json\/wp\/v2\/product"}],"about":[{"href":"https:\/\/cdplus.ee\/et\/wp-json\/wp\/v2\/types\/product"}],"wp:featuredmedia":[{"embeddable":true,"href":"https:\/\/cdplus.ee\/et\/wp-json\/wp\/v2\/media\/49677"}],"wp:attachment":[{"href":"https:\/\/cdplus.ee\/et\/wp-json\/wp\/v2\/media?parent=49680"}],"wp:term":[{"taxonomy":"product_cat","embeddable":true,"href":"https:\/\/cdplus.ee\/et\/wp-json\/wp\/v2\/product_cat?post=49680"},{"taxonomy":"product_tag","embeddable":true,"href":"https:\/\/cdplus.ee\/et\/wp-json\/wp\/v2\/product_tag?post=49680"}],"curies":[{"name":"wp","href":"https:\/\/api.w.org\/{rel}","templated":true}]}}