{"id":49681,"date":"2024-09-23T12:51:54","date_gmt":"2024-09-23T09:51:54","guid":{"rendered":"https:\/\/cdplus.ee\/product\/sony-playstation-4-slim-500gb\/"},"modified":"2025-09-19T16:22:58","modified_gmt":"2025-09-19T13:22:58","slug":"sony-playstation-4-slim-500gb","status":"publish","type":"product","link":"https:\/\/cdplus.ee\/et\/product\/sony-playstation-4-slim-500gb\/","title":{"rendered":"Sony PlayStation 4 Slim 500GB"},"content":{"rendered":"<p>Komplekt sisaldab \u00fchte juhtkangi ja k\u00f5iki \u00fchendamiseks vajalikke juhtmeid. Konsool on kasutatud. T\u00e4iesti t\u00f6\u00f6korras ja testitud<\/p>\n","protected":false},"excerpt":{"rendered":"<p>Komplekt sisaldab \u00fchte juhtkangi ja k\u00f5iki \u00fchendamiseks vajalikke juhtmeid. Konsool on kasutatud. T\u00e4iesti t\u00f6\u00f6korras ja testitud<\/p>\n","protected":false},"featured_media":49674,"template":"","meta":{"_acf_changed":false},"product_cat":[433,437],"product_tag":[],"class_list":{"0":"post-49681","1":"product","2":"type-product","3":"status-publish","4":"has-post-thumbnail","6":"product_cat-sonypsp-et","7":"product_cat-konsoolide-aksessuarid","9":"first","10":"instock","11":"featured","12":"shipping-taxable","13":"purchasable","14":"product-type-simple"},"acf":[],"_links":{"self":[{"href":"https:\/\/cdplus.ee\/et\/wp-json\/wp\/v2\/product\/49681"}],"collection":[{"href":"https:\/\/cdplus.ee\/et\/wp-json\/wp\/v2\/product"}],"about":[{"href":"https:\/\/cdplus.ee\/et\/wp-json\/wp\/v2\/types\/product"}],"wp:featuredmedia":[{"embeddable":true,"href":"https:\/\/cdplus.ee\/et\/wp-json\/wp\/v2\/media\/49674"}],"wp:attachment":[{"href":"https:\/\/cdplus.ee\/et\/wp-json\/wp\/v2\/media?parent=49681"}],"wp:term":[{"taxonomy":"product_cat","embeddable":true,"href":"https:\/\/cdplus.ee\/et\/wp-json\/wp\/v2\/product_cat?post=49681"},{"taxonomy":"product_tag","embeddable":true,"href":"https:\/\/cdplus.ee\/et\/wp-json\/wp\/v2\/product_tag?post=49681"}],"curies":[{"name":"wp","href":"https:\/\/api.w.org\/{rel}","templated":true}]}}