{"id":49699,"date":"2024-09-23T13:11:57","date_gmt":"2024-09-23T10:11:57","guid":{"rendered":"https:\/\/cdplus.ee\/product\/sony-dualshock-4-v2\/"},"modified":"2024-11-07T14:14:13","modified_gmt":"2024-11-07T12:14:13","slug":"sony-dualshock-4-v2","status":"publish","type":"product","link":"https:\/\/cdplus.ee\/et\/product\/sony-dualshock-4-v2\/","title":{"rendered":"Sony DualShock 4 V2"},"content":{"rendered":"","protected":false},"excerpt":{"rendered":"<p>Originaal. Kasutatud. Testitud ja t\u00e4iesti t\u00f6\u00f6korras<\/p>\n","protected":false},"featured_media":49698,"template":"","meta":{"_acf_changed":false},"product_cat":[433,437],"product_tag":[],"class_list":{"0":"post-49699","1":"product","2":"type-product","3":"status-publish","4":"has-post-thumbnail","6":"product_cat-sonypsp-et","7":"product_cat-konsoolide-aksessuarid","9":"first","10":"instock","11":"shipping-taxable","12":"purchasable","13":"product-type-simple"},"acf":[],"_links":{"self":[{"href":"https:\/\/cdplus.ee\/et\/wp-json\/wp\/v2\/product\/49699"}],"collection":[{"href":"https:\/\/cdplus.ee\/et\/wp-json\/wp\/v2\/product"}],"about":[{"href":"https:\/\/cdplus.ee\/et\/wp-json\/wp\/v2\/types\/product"}],"wp:featuredmedia":[{"embeddable":true,"href":"https:\/\/cdplus.ee\/et\/wp-json\/wp\/v2\/media\/49698"}],"wp:attachment":[{"href":"https:\/\/cdplus.ee\/et\/wp-json\/wp\/v2\/media?parent=49699"}],"wp:term":[{"taxonomy":"product_cat","embeddable":true,"href":"https:\/\/cdplus.ee\/et\/wp-json\/wp\/v2\/product_cat?post=49699"},{"taxonomy":"product_tag","embeddable":true,"href":"https:\/\/cdplus.ee\/et\/wp-json\/wp\/v2\/product_tag?post=49699"}],"curies":[{"name":"wp","href":"https:\/\/api.w.org\/{rel}","templated":true}]}}