{"id":49711,"date":"2024-09-23T13:18:36","date_gmt":"2024-09-23T10:18:36","guid":{"rendered":"https:\/\/cdplus.ee\/product\/sony-playstation-hd-kaamera-ps5\/"},"modified":"2024-11-07T14:14:26","modified_gmt":"2024-11-07T12:14:26","slug":"sony-playstation-hd-kaamera-ps5","status":"publish","type":"product","link":"https:\/\/cdplus.ee\/et\/product\/sony-playstation-hd-kaamera-ps5\/","title":{"rendered":"Sony PlayStation HD kaamera (PS5)"},"content":{"rendered":"","protected":false},"excerpt":{"rendered":"<p>Originaal. Testitud ja t\u00e4iesti t\u00f6\u00f6korras<\/p>\n","protected":false},"featured_media":49713,"template":"","meta":{"_acf_changed":false},"product_cat":[433,437],"product_tag":[],"class_list":{"0":"post-49711","1":"product","2":"type-product","3":"status-publish","4":"has-post-thumbnail","6":"product_cat-sonypsp-et","7":"product_cat-konsoolide-aksessuarid","9":"first","10":"instock","11":"shipping-taxable","12":"purchasable","13":"product-type-simple"},"acf":[],"_links":{"self":[{"href":"https:\/\/cdplus.ee\/et\/wp-json\/wp\/v2\/product\/49711"}],"collection":[{"href":"https:\/\/cdplus.ee\/et\/wp-json\/wp\/v2\/product"}],"about":[{"href":"https:\/\/cdplus.ee\/et\/wp-json\/wp\/v2\/types\/product"}],"wp:featuredmedia":[{"embeddable":true,"href":"https:\/\/cdplus.ee\/et\/wp-json\/wp\/v2\/media\/49713"}],"wp:attachment":[{"href":"https:\/\/cdplus.ee\/et\/wp-json\/wp\/v2\/media?parent=49711"}],"wp:term":[{"taxonomy":"product_cat","embeddable":true,"href":"https:\/\/cdplus.ee\/et\/wp-json\/wp\/v2\/product_cat?post=49711"},{"taxonomy":"product_tag","embeddable":true,"href":"https:\/\/cdplus.ee\/et\/wp-json\/wp\/v2\/product_tag?post=49711"}],"curies":[{"name":"wp","href":"https:\/\/api.w.org\/{rel}","templated":true}]}}