{"id":49721,"date":"2024-09-23T13:30:46","date_gmt":"2024-09-23T10:30:46","guid":{"rendered":"https:\/\/cdplus.ee\/product\/nintendo-switch-joy-con\/"},"modified":"2024-12-07T16:26:53","modified_gmt":"2024-12-07T14:26:53","slug":"nintendo-switch-joy-con","status":"publish","type":"product","link":"https:\/\/cdplus.ee\/et\/product\/nintendo-switch-joy-con\/","title":{"rendered":"Nintendo Switch Joy-Con"},"content":{"rendered":"","protected":false},"excerpt":{"rendered":"<p>Originaal. Testitud ja t\u00e4iesti t\u00f6\u00f6korras<\/p>\n","protected":false},"featured_media":49720,"template":"","meta":{"_acf_changed":false},"product_cat":[433,437],"product_tag":[],"class_list":{"0":"post-49721","1":"product","2":"type-product","3":"status-publish","4":"has-post-thumbnail","6":"product_cat-sonypsp-et","7":"product_cat-konsoolide-aksessuarid","9":"first","10":"instock","11":"shipping-taxable","12":"purchasable","13":"product-type-simple"},"acf":[],"_links":{"self":[{"href":"https:\/\/cdplus.ee\/et\/wp-json\/wp\/v2\/product\/49721"}],"collection":[{"href":"https:\/\/cdplus.ee\/et\/wp-json\/wp\/v2\/product"}],"about":[{"href":"https:\/\/cdplus.ee\/et\/wp-json\/wp\/v2\/types\/product"}],"wp:featuredmedia":[{"embeddable":true,"href":"https:\/\/cdplus.ee\/et\/wp-json\/wp\/v2\/media\/49720"}],"wp:attachment":[{"href":"https:\/\/cdplus.ee\/et\/wp-json\/wp\/v2\/media?parent=49721"}],"wp:term":[{"taxonomy":"product_cat","embeddable":true,"href":"https:\/\/cdplus.ee\/et\/wp-json\/wp\/v2\/product_cat?post=49721"},{"taxonomy":"product_tag","embeddable":true,"href":"https:\/\/cdplus.ee\/et\/wp-json\/wp\/v2\/product_tag?post=49721"}],"curies":[{"name":"wp","href":"https:\/\/api.w.org\/{rel}","templated":true}]}}