{"id":49743,"date":"2024-09-23T17:08:12","date_gmt":"2024-09-23T14:08:12","guid":{"rendered":"https:\/\/cdplus.ee\/product\/49738\/"},"modified":"2024-09-23T17:25:06","modified_gmt":"2024-09-23T14:25:06","slug":"49738","status":"publish","type":"product","link":"https:\/\/cdplus.ee\/et\/product\/49738\/","title":{"rendered":"Sony Playstation (One)  m\u00e4ngud"},"content":{"rendered":"","protected":false},"excerpt":{"rendered":"<p>Meie poes on mitmeid m\u00e4nge retro PS 1 konsoolile. K\u00fcsi saadavust kodulehelt v\u00f5i tule meile k\u00fclla!<\/p>\n","protected":false},"featured_media":49740,"template":"","meta":{"_acf_changed":false},"product_cat":[553],"product_tag":[],"class_list":{"0":"post-49743","1":"product","2":"type-product","3":"status-publish","4":"has-post-thumbnail","6":"product_cat-playstation-one-et","8":"first","9":"instock","10":"shipping-taxable","11":"purchasable","12":"product-type-simple"},"acf":[],"_links":{"self":[{"href":"https:\/\/cdplus.ee\/et\/wp-json\/wp\/v2\/product\/49743"}],"collection":[{"href":"https:\/\/cdplus.ee\/et\/wp-json\/wp\/v2\/product"}],"about":[{"href":"https:\/\/cdplus.ee\/et\/wp-json\/wp\/v2\/types\/product"}],"wp:featuredmedia":[{"embeddable":true,"href":"https:\/\/cdplus.ee\/et\/wp-json\/wp\/v2\/media\/49740"}],"wp:attachment":[{"href":"https:\/\/cdplus.ee\/et\/wp-json\/wp\/v2\/media?parent=49743"}],"wp:term":[{"taxonomy":"product_cat","embeddable":true,"href":"https:\/\/cdplus.ee\/et\/wp-json\/wp\/v2\/product_cat?post=49743"},{"taxonomy":"product_tag","embeddable":true,"href":"https:\/\/cdplus.ee\/et\/wp-json\/wp\/v2\/product_tag?post=49743"}],"curies":[{"name":"wp","href":"https:\/\/api.w.org\/{rel}","templated":true}]}}