{"id":49757,"date":"2024-09-23T17:29:15","date_gmt":"2024-09-23T14:29:15","guid":{"rendered":"https:\/\/cdplus.ee\/product\/sony-playstation-2-mangud\/"},"modified":"2024-09-23T17:29:15","modified_gmt":"2024-09-23T14:29:15","slug":"sony-playstation-2-mangud","status":"publish","type":"product","link":"https:\/\/cdplus.ee\/et\/product\/sony-playstation-2-mangud\/","title":{"rendered":"Sony Playstation 2 m\u00e4ngud"},"content":{"rendered":"","protected":false},"excerpt":{"rendered":"<p>Meie poes on mitmeid m\u00e4nge retro PS 2 konsoolile. K\u00fcsi saadavust kodulehelt v\u00f5i tule meile k\u00fclla!<\/p>\n","protected":false},"featured_media":49748,"template":"","meta":{"_acf_changed":false},"product_cat":[430],"product_tag":[],"class_list":{"0":"post-49757","1":"product","2":"type-product","3":"status-publish","4":"has-post-thumbnail","6":"product_cat-ps2-et","8":"first","9":"instock","10":"shipping-taxable","11":"purchasable","12":"product-type-simple"},"acf":[],"_links":{"self":[{"href":"https:\/\/cdplus.ee\/et\/wp-json\/wp\/v2\/product\/49757"}],"collection":[{"href":"https:\/\/cdplus.ee\/et\/wp-json\/wp\/v2\/product"}],"about":[{"href":"https:\/\/cdplus.ee\/et\/wp-json\/wp\/v2\/types\/product"}],"wp:featuredmedia":[{"embeddable":true,"href":"https:\/\/cdplus.ee\/et\/wp-json\/wp\/v2\/media\/49748"}],"wp:attachment":[{"href":"https:\/\/cdplus.ee\/et\/wp-json\/wp\/v2\/media?parent=49757"}],"wp:term":[{"taxonomy":"product_cat","embeddable":true,"href":"https:\/\/cdplus.ee\/et\/wp-json\/wp\/v2\/product_cat?post=49757"},{"taxonomy":"product_tag","embeddable":true,"href":"https:\/\/cdplus.ee\/et\/wp-json\/wp\/v2\/product_tag?post=49757"}],"curies":[{"name":"wp","href":"https:\/\/api.w.org\/{rel}","templated":true}]}}