{"id":49761,"date":"2024-09-23T17:33:53","date_gmt":"2024-09-23T14:33:53","guid":{"rendered":"https:\/\/cdplus.ee\/product\/ps-vita-mangud\/"},"modified":"2024-09-23T17:35:55","modified_gmt":"2024-09-23T14:35:55","slug":"ps-vita-mangud","status":"publish","type":"product","link":"https:\/\/cdplus.ee\/et\/product\/ps-vita-mangud\/","title":{"rendered":"PS Vita  m\u00e4ngud"},"content":{"rendered":"<p>Meie poes on mitmeid m\u00e4nge retro PS Vita konsoolile. K\u00fcsi saadavust kodulehelt v\u00f5i tule meile k\u00fclla!<\/p>\n","protected":false},"excerpt":{"rendered":"<p>Meie poes on mitmeid m\u00e4nge retro PS Vita konsoolile. K\u00fcsi saadavust kodulehelt v\u00f5i tule meile k\u00fclla!<\/p>\n","protected":false},"featured_media":49760,"template":"","meta":{"_acf_changed":false},"product_cat":[536],"product_tag":[],"class_list":{"0":"post-49761","1":"product","2":"type-product","3":"status-publish","4":"has-post-thumbnail","6":"product_cat-ps-vita-et-2","8":"first","9":"instock","10":"shipping-taxable","11":"purchasable","12":"product-type-simple"},"acf":[],"_links":{"self":[{"href":"https:\/\/cdplus.ee\/et\/wp-json\/wp\/v2\/product\/49761"}],"collection":[{"href":"https:\/\/cdplus.ee\/et\/wp-json\/wp\/v2\/product"}],"about":[{"href":"https:\/\/cdplus.ee\/et\/wp-json\/wp\/v2\/types\/product"}],"wp:featuredmedia":[{"embeddable":true,"href":"https:\/\/cdplus.ee\/et\/wp-json\/wp\/v2\/media\/49760"}],"wp:attachment":[{"href":"https:\/\/cdplus.ee\/et\/wp-json\/wp\/v2\/media?parent=49761"}],"wp:term":[{"taxonomy":"product_cat","embeddable":true,"href":"https:\/\/cdplus.ee\/et\/wp-json\/wp\/v2\/product_cat?post=49761"},{"taxonomy":"product_tag","embeddable":true,"href":"https:\/\/cdplus.ee\/et\/wp-json\/wp\/v2\/product_tag?post=49761"}],"curies":[{"name":"wp","href":"https:\/\/api.w.org\/{rel}","templated":true}]}}